{"id":29,"date":"2024-11-20T19:18:01","date_gmt":"2024-11-20T19:18:01","guid":{"rendered":"https:\/\/www.ose.fi\/?page_id=29"},"modified":"2025-01-14T06:47:10","modified_gmt":"2025-01-14T06:47:10","slug":"osmo-suominen","status":"publish","type":"page","link":"https:\/\/www.ose.fi\/","title":{"rendered":"Osmo Suominen"},"content":{"rendered":"\n<figure class=\"wp-block-image size-large is-resized\"><img loading=\"lazy\" decoding=\"async\" width=\"914\" height=\"1024\" src=\"https:\/\/www.ose.fi\/wp-content\/uploads\/2025\/01\/Suominen_Osmo_282009655-914x1024.jpg\" alt=\"\" class=\"wp-image-72\" style=\"width:119px;height:auto\" srcset=\"https:\/\/www.ose.fi\/wp-content\/uploads\/2025\/01\/Suominen_Osmo_282009655-914x1024.jpg 914w, https:\/\/www.ose.fi\/wp-content\/uploads\/2025\/01\/Suominen_Osmo_282009655-268x300.jpg 268w, https:\/\/www.ose.fi\/wp-content\/uploads\/2025\/01\/Suominen_Osmo_282009655-768x860.jpg 768w, https:\/\/www.ose.fi\/wp-content\/uploads\/2025\/01\/Suominen_Osmo_282009655-1372x1536.jpg 1372w, https:\/\/www.ose.fi\/wp-content\/uploads\/2025\/01\/Suominen_Osmo_282009655-1829x2048.jpg 1829w\" sizes=\"auto, (max-width: 914px) 100vw, 914px\" \/><\/figure>\n\n\n\n<p>Tarkastuslautakunta 2019-<\/p>\n\n\n\n<p>Nurmij\u00e4rven sosialidemokraattien kunnallisj\u00e4rjest\u00f6n puheenjohtaja 2020-2024<br>Rajam\u00e4en demarit varapuheenjohtaja 2013-2024<br>Nurmij\u00e4rven hyvinvointilautakunta, j\u00e4sen 2014-2019<br>HUS Hyvink\u00e4\u00e4n lautakunta j\u00e4sen 2014-2019<br>KeuSote varavaltuutettu 2019 &#8211; 2023 <\/p>\n\n\n\n<p><\/p>\n","protected":false},"excerpt":{"rendered":"<p>Tarkastuslautakunta 2019- Nurmij\u00e4rven sosialidemokraattien kunnallisj\u00e4rjest\u00f6n puheenjohtaja 2020-2024Rajam\u00e4en demarit varapuheenjohtaja 2013-2024Nurmij\u00e4rven hyvinvointilautakunta, j\u00e4sen 2014-2019HUS Hyvink\u00e4\u00e4n lautakunta j\u00e4sen 2014-2019KeuSote varavaltuutettu 2019 &#8211; 2023<\/p>\n","protected":false},"author":1,"featured_media":0,"parent":0,"menu_order":0,"comment_status":"closed","ping_status":"closed","template":"","meta":{"footnotes":""},"class_list":["post-29","page","type-page","status-publish","hentry"],"yoast_head":"<!-- This site is optimized with the Yoast SEO plugin v27.5 - https:\/\/yoast.com\/product\/yoast-seo-wordpress\/ -->\n<title>Osmo Suominen - Osmo Suominen<\/title>\n<meta name=\"robots\" content=\"index, follow, max-snippet:-1, max-image-preview:large, max-video-preview:-1\" \/>\n<link rel=\"canonical\" href=\"https:\/\/www.ose.fi\/\" \/>\n<meta property=\"og:locale\" content=\"fi_FI\" \/>\n<meta property=\"og:type\" content=\"article\" \/>\n<meta property=\"og:title\" content=\"Osmo Suominen - Osmo Suominen\" \/>\n<meta property=\"og:description\" content=\"Tarkastuslautakunta 2019- Nurmij\u00e4rven sosialidemokraattien kunnallisj\u00e4rjest\u00f6n puheenjohtaja 2020-2024Rajam\u00e4en demarit varapuheenjohtaja 2013-2024Nurmij\u00e4rven hyvinvointilautakunta, j\u00e4sen 2014-2019HUS Hyvink\u00e4\u00e4n lautakunta j\u00e4sen 2014-2019KeuSote varavaltuutettu 2019 &#8211; 2023\" \/>\n<meta property=\"og:url\" content=\"https:\/\/www.ose.fi\/\" \/>\n<meta property=\"og:site_name\" content=\"Osmo Suominen\" \/>\n<meta property=\"article:modified_time\" content=\"2025-01-14T06:47:10+00:00\" \/>\n<meta property=\"og:image\" content=\"https:\/\/www.ose.fi\/wp-content\/uploads\/2025\/01\/Suominen_Osmo_282009655-914x1024.jpg\" \/>\n<meta name=\"twitter:card\" content=\"summary_large_image\" \/>\n<meta name=\"twitter:label1\" content=\"Arvioitu lukuaika\" \/>\n\t<meta name=\"twitter:data1\" content=\"1 minuutti\" \/>\n<script type=\"application\/ld+json\" class=\"yoast-schema-graph\">{\"@context\":\"https:\\\/\\\/schema.org\",\"@graph\":[{\"@type\":\"WebPage\",\"@id\":\"https:\\\/\\\/www.ose.fi\\\/\",\"url\":\"https:\\\/\\\/www.ose.fi\\\/\",\"name\":\"Osmo Suominen - Osmo Suominen\",\"isPartOf\":{\"@id\":\"https:\\\/\\\/www.ose.fi\\\/#website\"},\"primaryImageOfPage\":{\"@id\":\"https:\\\/\\\/www.ose.fi\\\/#primaryimage\"},\"image\":{\"@id\":\"https:\\\/\\\/www.ose.fi\\\/#primaryimage\"},\"thumbnailUrl\":\"https:\\\/\\\/www.ose.fi\\\/wp-content\\\/uploads\\\/2025\\\/01\\\/Suominen_Osmo_282009655-914x1024.jpg\",\"datePublished\":\"2024-11-20T19:18:01+00:00\",\"dateModified\":\"2025-01-14T06:47:10+00:00\",\"breadcrumb\":{\"@id\":\"https:\\\/\\\/www.ose.fi\\\/#breadcrumb\"},\"inLanguage\":\"fi\",\"potentialAction\":[{\"@type\":\"ReadAction\",\"target\":[\"https:\\\/\\\/www.ose.fi\\\/\"]}]},{\"@type\":\"ImageObject\",\"inLanguage\":\"fi\",\"@id\":\"https:\\\/\\\/www.ose.fi\\\/#primaryimage\",\"url\":\"https:\\\/\\\/www.ose.fi\\\/wp-content\\\/uploads\\\/2025\\\/01\\\/Suominen_Osmo_282009655-scaled.jpg\",\"contentUrl\":\"https:\\\/\\\/www.ose.fi\\\/wp-content\\\/uploads\\\/2025\\\/01\\\/Suominen_Osmo_282009655-scaled.jpg\",\"width\":2286,\"height\":2560},{\"@type\":\"BreadcrumbList\",\"@id\":\"https:\\\/\\\/www.ose.fi\\\/#breadcrumb\",\"itemListElement\":[{\"@type\":\"ListItem\",\"position\":1,\"name\":\"Etusivu\",\"item\":\"https:\\\/\\\/www.ose.fi\\\/\"},{\"@type\":\"ListItem\",\"position\":2,\"name\":\"Osmo Suominen\"}]},{\"@type\":\"WebSite\",\"@id\":\"https:\\\/\\\/www.ose.fi\\\/#website\",\"url\":\"https:\\\/\\\/www.ose.fi\\\/\",\"name\":\"Osmo Suominen\",\"description\":\"R&ouml;yk&auml;n kyl&auml;lt&auml; - kohti tulevaisuutta\",\"potentialAction\":[{\"@type\":\"SearchAction\",\"target\":{\"@type\":\"EntryPoint\",\"urlTemplate\":\"https:\\\/\\\/www.ose.fi\\\/?s={search_term_string}\"},\"query-input\":{\"@type\":\"PropertyValueSpecification\",\"valueRequired\":true,\"valueName\":\"search_term_string\"}}],\"inLanguage\":\"fi\"}]}<\/script>\n<!-- \/ Yoast SEO plugin. -->","yoast_head_json":{"title":"Osmo Suominen - Osmo Suominen","robots":{"index":"index","follow":"follow","max-snippet":"max-snippet:-1","max-image-preview":"max-image-preview:large","max-video-preview":"max-video-preview:-1"},"canonical":"https:\/\/www.ose.fi\/","og_locale":"fi_FI","og_type":"article","og_title":"Osmo Suominen - Osmo Suominen","og_description":"Tarkastuslautakunta 2019- Nurmij\u00e4rven sosialidemokraattien kunnallisj\u00e4rjest\u00f6n puheenjohtaja 2020-2024Rajam\u00e4en demarit varapuheenjohtaja 2013-2024Nurmij\u00e4rven hyvinvointilautakunta, j\u00e4sen 2014-2019HUS Hyvink\u00e4\u00e4n lautakunta j\u00e4sen 2014-2019KeuSote varavaltuutettu 2019 &#8211; 2023","og_url":"https:\/\/www.ose.fi\/","og_site_name":"Osmo Suominen","article_modified_time":"2025-01-14T06:47:10+00:00","og_image":[{"url":"https:\/\/www.ose.fi\/wp-content\/uploads\/2025\/01\/Suominen_Osmo_282009655-914x1024.jpg","type":"","width":"","height":""}],"twitter_card":"summary_large_image","twitter_misc":{"Arvioitu lukuaika":"1 minuutti"},"schema":{"@context":"https:\/\/schema.org","@graph":[{"@type":"WebPage","@id":"https:\/\/www.ose.fi\/","url":"https:\/\/www.ose.fi\/","name":"Osmo Suominen - Osmo Suominen","isPartOf":{"@id":"https:\/\/www.ose.fi\/#website"},"primaryImageOfPage":{"@id":"https:\/\/www.ose.fi\/#primaryimage"},"image":{"@id":"https:\/\/www.ose.fi\/#primaryimage"},"thumbnailUrl":"https:\/\/www.ose.fi\/wp-content\/uploads\/2025\/01\/Suominen_Osmo_282009655-914x1024.jpg","datePublished":"2024-11-20T19:18:01+00:00","dateModified":"2025-01-14T06:47:10+00:00","breadcrumb":{"@id":"https:\/\/www.ose.fi\/#breadcrumb"},"inLanguage":"fi","potentialAction":[{"@type":"ReadAction","target":["https:\/\/www.ose.fi\/"]}]},{"@type":"ImageObject","inLanguage":"fi","@id":"https:\/\/www.ose.fi\/#primaryimage","url":"https:\/\/www.ose.fi\/wp-content\/uploads\/2025\/01\/Suominen_Osmo_282009655-scaled.jpg","contentUrl":"https:\/\/www.ose.fi\/wp-content\/uploads\/2025\/01\/Suominen_Osmo_282009655-scaled.jpg","width":2286,"height":2560},{"@type":"BreadcrumbList","@id":"https:\/\/www.ose.fi\/#breadcrumb","itemListElement":[{"@type":"ListItem","position":1,"name":"Etusivu","item":"https:\/\/www.ose.fi\/"},{"@type":"ListItem","position":2,"name":"Osmo Suominen"}]},{"@type":"WebSite","@id":"https:\/\/www.ose.fi\/#website","url":"https:\/\/www.ose.fi\/","name":"Osmo Suominen","description":"R&ouml;yk&auml;n kyl&auml;lt&auml; - kohti tulevaisuutta","potentialAction":[{"@type":"SearchAction","target":{"@type":"EntryPoint","urlTemplate":"https:\/\/www.ose.fi\/?s={search_term_string}"},"query-input":{"@type":"PropertyValueSpecification","valueRequired":true,"valueName":"search_term_string"}}],"inLanguage":"fi"}]}},"_links":{"self":[{"href":"https:\/\/www.ose.fi\/index.php\/wp-json\/wp\/v2\/pages\/29","targetHints":{"allow":["GET"]}}],"collection":[{"href":"https:\/\/www.ose.fi\/index.php\/wp-json\/wp\/v2\/pages"}],"about":[{"href":"https:\/\/www.ose.fi\/index.php\/wp-json\/wp\/v2\/types\/page"}],"author":[{"embeddable":true,"href":"https:\/\/www.ose.fi\/index.php\/wp-json\/wp\/v2\/users\/1"}],"replies":[{"embeddable":true,"href":"https:\/\/www.ose.fi\/index.php\/wp-json\/wp\/v2\/comments?post=29"}],"version-history":[{"count":2,"href":"https:\/\/www.ose.fi\/index.php\/wp-json\/wp\/v2\/pages\/29\/revisions"}],"predecessor-version":[{"id":74,"href":"https:\/\/www.ose.fi\/index.php\/wp-json\/wp\/v2\/pages\/29\/revisions\/74"}],"wp:attachment":[{"href":"https:\/\/www.ose.fi\/index.php\/wp-json\/wp\/v2\/media?parent=29"}],"curies":[{"name":"wp","href":"https:\/\/api.w.org\/{rel}","templated":true}]}}